{"id":110,"date":"2025-05-25T17:06:16","date_gmt":"2025-05-25T15:06:16","guid":{"rendered":"http:\/\/notfalldruide.com\/?page_id=110"},"modified":"2025-08-09T20:11:18","modified_gmt":"2025-08-09T18:11:18","slug":"die-crafterin","status":"publish","type":"page","link":"https:\/\/notfalldruide.com\/?page_id=110","title":{"rendered":"Die Crafterin"},"content":{"rendered":"\n<p>Schon immer hatte Noti Spa\u00df an handwerklichen Arbeiten. Ihr Vater zeigte ihr bereits im Kindesalter den Umgang mit diversen Werkzeugen und sp\u00e4ter wurde dann zusammen das Motorrad getunt. Durch ihre Gro\u00dfmutter lernte sie das Verarbeiten von Leder (vor allem Punzieren) und die Herstellung von Perlenschmuck, beides praktizierte sie jedoch nur kurze Zeit. Das eigentliche Interesse am Crafting kam erst wieder auf, als sie begann in (Piraten-)Gewandung auf Mittelalterm\u00e4rkten unterwegs zu sein und spezielle Accessoires oder Ausr\u00fcstungsgegenst\u00e4nde haben wollte. Sachen, die man nicht fertig kaufen konnte, sondern die man selber herstellen oder zumindest bearbeiten musste. W\u00e4hrend der Pandemiezeit war dann auch gen\u00fcgend Zeit um neue Techniken auszuprobieren. So hat sie z.B. f\u00fcr das Upcycling von Alltagsgegenst\u00e4nden die eher langweilige und altmodische Serviettentechnik f\u00fcr sich modifiziert. Ein Gro\u00dfteil der Craftingprojekte geht nat\u00fcrlich in eine sehr maritime und piratige Stilrichtung. Aber nicht ausschlie\u00dflich!<\/p>\n","protected":false},"excerpt":{"rendered":"<p>Schon immer hatte Noti Spa\u00df an handwerklichen Arbeiten. Ihr Vater zeigte ihr bereits im Kindesalter den Umgang mit diversen Werkzeugen und sp\u00e4ter wurde dann zusammen das Motorrad getunt. Durch ihre Gro\u00dfmutter lernte sie das Verarbeiten von Leder (vor allem Punzieren) und die Herstellung von Perlenschmuck, beides praktizierte sie jedoch nur kurze Zeit. Das eigentliche Interesse [&hellip;]<\/p>\n","protected":false},"author":1,"featured_media":340,"parent":0,"menu_order":0,"comment_status":"closed","ping_status":"closed","template":"","meta":{"qubely_global_settings":"","qubely_interactions":"","footnotes":""},"class_list":["post-110","page","type-page","status-publish","has-post-thumbnail","hentry"],"_links":{"self":[{"href":"https:\/\/notfalldruide.com\/index.php?rest_route=\/wp\/v2\/pages\/110","targetHints":{"allow":["GET"]}}],"collection":[{"href":"https:\/\/notfalldruide.com\/index.php?rest_route=\/wp\/v2\/pages"}],"about":[{"href":"https:\/\/notfalldruide.com\/index.php?rest_route=\/wp\/v2\/types\/page"}],"author":[{"embeddable":true,"href":"https:\/\/notfalldruide.com\/index.php?rest_route=\/wp\/v2\/users\/1"}],"replies":[{"embeddable":true,"href":"https:\/\/notfalldruide.com\/index.php?rest_route=%2Fwp%2Fv2%2Fcomments&post=110"}],"version-history":[{"count":3,"href":"https:\/\/notfalldruide.com\/index.php?rest_route=\/wp\/v2\/pages\/110\/revisions"}],"predecessor-version":[{"id":395,"href":"https:\/\/notfalldruide.com\/index.php?rest_route=\/wp\/v2\/pages\/110\/revisions\/395"}],"wp:featuredmedia":[{"embeddable":true,"href":"https:\/\/notfalldruide.com\/index.php?rest_route=\/wp\/v2\/media\/340"}],"wp:attachment":[{"href":"https:\/\/notfalldruide.com\/index.php?rest_route=%2Fwp%2Fv2%2Fmedia&parent=110"}],"curies":[{"name":"wp","href":"https:\/\/api.w.org\/{rel}","templated":true}]}}